{"id":55767,"date":"2021-12-21T12:17:56","date_gmt":"2021-12-21T11:17:56","guid":{"rendered":"https:\/\/www.pfsa.unsa.ba\/pf\/?page_id=55767"},"modified":"2026-02-23T14:51:08","modified_gmt":"2026-02-23T13:51:08","slug":"e-izdavastvo","status":"publish","type":"page","link":"https:\/\/pfsa.unsa.ba\/pf\/biblioteka\/e-izdavastvo\/","title":{"rendered":"E-izdava\u0161tvo"},"content":{"rendered":"<div class=\"service-div clearfix\">\n<p><img loading=\"lazy\" decoding=\"async\" class=\"alignleft wp-image-74673 size-medium\" src=\"https:\/\/pfsa.unsa.ba\/pf\/wp-content\/uploads\/2026\/02\/Okrugli-sto-deset-godina.png\" alt=\"\" width=\"212\" height=\"300\" \/><br \/>\n<a href=\"https:\/\/pfsa.unsa.ba\/pf\/wp-content\/uploads\/2026\/02\/okrugli-sto-deset-godina-zakona-o-privrednim-drustvima-u-FBiH-v.3.pdf\">Zinka Grbo i Lejla Hasanovi\u0107 (ur.)<\/a><br \/>\nOkrugli sto \u201eDeset godina Zakona o privrednim dru\u0161tvima u Federaciji Bosne i Hercegovine\u201c : Pravni fakultet Univerziteta u Sarajevu 30. 10. 2025. : knjiga sa\u017eetaka<br \/>\nSarajevo: Univerzitet u Sarajevu \u2013 Pravni fakultet, 2026.<\/p>\n<p><img loading=\"lazy\" decoding=\"async\" class=\"alignleft wp-image-74673 size-medium\" src=\"https:\/\/pfsa.unsa.ba\/pf\/wp-content\/uploads\/2025\/11\/Prirucnik-za-studente-212x300.png\" alt=\"\" width=\"212\" height=\"300\" srcset=\"https:\/\/pfsa.unsa.ba\/pf\/wp-content\/uploads\/2025\/11\/Prirucnik-za-studente-212x300.png 212w, https:\/\/pfsa.unsa.ba\/pf\/wp-content\/uploads\/2025\/11\/Prirucnik-za-studente.png 579w\" sizes=\"auto, (max-width: 212px) 100vw, 212px\" \/><br \/>\n<a href=\"https:\/\/pfsa.unsa.ba\/pf\/wp-content\/uploads\/2025\/11\/Prirucnik-za-STUDENTE-obavljanje-strucne-prakse-studenta-pripravnika-u-pravosudnim-institucijama-i-advokaturi-za-web.pdf\">Lejla Hasanovi\u0107 i Berina Ke\u010d (ur.)<\/a><br \/>\nObavljanje stru\u010dne prakse u pravosudnim institucijama i advokaturi: priru\u010dnik za studente<br \/>\nSarajevo: NCSC, 2023.<\/p>\n<p><img loading=\"lazy\" decoding=\"async\" class=\"alignleft wp-image-74670 size-medium\" src=\"https:\/\/pfsa.unsa.ba\/pf\/wp-content\/uploads\/2025\/11\/Prirucnik-za-mentore-211x300.png\" alt=\"\" width=\"211\" height=\"300\" srcset=\"https:\/\/pfsa.unsa.ba\/pf\/wp-content\/uploads\/2025\/11\/Prirucnik-za-mentore-211x300.png 211w, https:\/\/pfsa.unsa.ba\/pf\/wp-content\/uploads\/2025\/11\/Prirucnik-za-mentore.png 578w\" sizes=\"auto, (max-width: 211px) 100vw, 211px\" \/><br \/>\n<a href=\"https:\/\/pfsa.unsa.ba\/pf\/wp-content\/uploads\/2025\/11\/Prirucnik-za-mentore-WEB.pdf\">Nenad Gali\u0107, Lejla Hasanovi\u0107 i Berina Ke\u010d (ur.)<\/a><br \/>\nObavljanje stru\u010dne prakse studenta\/pripravnika u pravosudnim institucijama i advokaturi: priru\u010dnik za mentore<br \/>\nSarajevo: NCSC, 2021.<\/p>\n<p><img loading=\"lazy\" decoding=\"async\" class=\"alignnone size-medium wp-image-74694\" src=\"https:\/\/pfsa.unsa.ba\/pf\/wp-content\/uploads\/2025\/11\/Naslovna-Pregled-NIR-a-24_25-214x300.jpg\" alt=\"\" width=\"214\" height=\"300\" srcset=\"https:\/\/pfsa.unsa.ba\/pf\/wp-content\/uploads\/2025\/11\/Naslovna-Pregled-NIR-a-24_25-214x300.jpg 214w, https:\/\/pfsa.unsa.ba\/pf\/wp-content\/uploads\/2025\/11\/Naslovna-Pregled-NIR-a-24_25-731x1024.jpg 731w, https:\/\/pfsa.unsa.ba\/pf\/wp-content\/uploads\/2025\/11\/Naslovna-Pregled-NIR-a-24_25-768x1076.jpg 768w, https:\/\/pfsa.unsa.ba\/pf\/wp-content\/uploads\/2025\/11\/Naslovna-Pregled-NIR-a-24_25-1097x1536.jpg 1097w, https:\/\/pfsa.unsa.ba\/pf\/wp-content\/uploads\/2025\/11\/Naslovna-Pregled-NIR-a-24_25.jpg 1241w\" sizes=\"auto, (max-width: 214px) 100vw, 214px\" \/><br \/>\n<a href=\"https:\/\/pfsa.unsa.ba\/pf\/wp-content\/uploads\/2025\/12\/Pregled-NIR-2024-2025.pdf\">\u017dDRALOVI\u0106, Amila, RO\u017dAJAC-ZUL\u010cI\u0106, Mirela<\/a>. Pregled nau\u010dnoistra\u017eiva\u010dke djelatnosti Univerziteta u Sarajevu \u2013 Pravnog fakulteta za akademsku 2024\/2025. godinu.<br \/>\nSarajevo: Univerzitet u Sarajevu \u2013 Pravni fakultet, 2025.<\/p>\n<p><img loading=\"lazy\" decoding=\"async\" class=\"alignnone size-medium wp-image-73149\" src=\"https:\/\/pfsa.unsa.ba\/pf\/wp-content\/uploads\/2025\/07\/Meeting-of-Legal-Cultures_nasl-1-201x300.jpg\" alt=\"\" width=\"201\" height=\"300\" srcset=\"https:\/\/pfsa.unsa.ba\/pf\/wp-content\/uploads\/2025\/07\/Meeting-of-Legal-Cultures_nasl-1-201x300.jpg 201w, https:\/\/pfsa.unsa.ba\/pf\/wp-content\/uploads\/2025\/07\/Meeting-of-Legal-Cultures_nasl-1-685x1024.jpg 685w, https:\/\/pfsa.unsa.ba\/pf\/wp-content\/uploads\/2025\/07\/Meeting-of-Legal-Cultures_nasl-1-768x1148.jpg 768w, https:\/\/pfsa.unsa.ba\/pf\/wp-content\/uploads\/2025\/07\/Meeting-of-Legal-Cultures_nasl-1.jpg 992w\" sizes=\"auto, (max-width: 201px) 100vw, 201px\" \/><\/p>\n<p><a href=\"https:\/\/pfsa.unsa.ba\/pf\/wp-content\/uploads\/2025\/07\/Meeting-of-Legal-Cultures_KB_ONLINE.pdf\">Meeting of Legal Cultures<\/a> \/ Mirza Hebib i Amila Svraka-Imamovi\u0107 (ur.).<br \/>\nSarajevo: Univerzitet u Sarajevu \u2013 Pravni fakultet, 2025. ISBN 978-9926-544-14-0<br \/>\n<img loading=\"lazy\" decoding=\"async\" class=\"alignnone size-medium wp-image-70425\" src=\"https:\/\/pfsa.unsa.ba\/pf\/wp-content\/uploads\/2024\/11\/Pregled-naucnoistrazivackog-rada-23-24-212x300.jpg\" alt=\"\" width=\"212\" height=\"300\" srcset=\"https:\/\/pfsa.unsa.ba\/pf\/wp-content\/uploads\/2024\/11\/Pregled-naucnoistrazivackog-rada-23-24-212x300.jpg 212w, https:\/\/pfsa.unsa.ba\/pf\/wp-content\/uploads\/2024\/11\/Pregled-naucnoistrazivackog-rada-23-24-724x1024.jpg 724w, https:\/\/pfsa.unsa.ba\/pf\/wp-content\/uploads\/2024\/11\/Pregled-naucnoistrazivackog-rada-23-24-768x1086.jpg 768w, https:\/\/pfsa.unsa.ba\/pf\/wp-content\/uploads\/2024\/11\/Pregled-naucnoistrazivackog-rada-23-24-1086x1536.jpg 1086w, https:\/\/pfsa.unsa.ba\/pf\/wp-content\/uploads\/2024\/11\/Pregled-naucnoistrazivackog-rada-23-24.jpg 1414w\" sizes=\"auto, (max-width: 212px) 100vw, 212px\" \/><br \/>\n<a href=\"https:\/\/pfsa.unsa.ba\/pf\/wp-content\/uploads\/2024\/11\/Pregled-NIR-a-23-24-Fin.pdf\">\u017dDRALOVI\u0106, Amila, RO\u017dAJAC-ZUL\u010cI\u0106, Mirela.<\/a><br \/>\nPregled nau\u010dnoistra\u017eiva\u010dke djelatnosti Univerziteta u Sarajevu \u2013 Pravnog fakulteta za akademsku 2023\/2024. godinu.<br \/>\nSarajevo: Univerzitet u Sarajevu \u2013 Pravni fakultet, 2024.<\/p>\n<p><a href=\"https:\/\/pfsa.unsa.ba\/pf\/wp-content\/uploads\/2024\/04\/Prava-intelektualnog-vlasnistva-i-web-3.0.pdf\"><img loading=\"lazy\" decoding=\"async\" class=\"alignnone size-medium wp-image-67926\" src=\"https:\/\/pfsa.unsa.ba\/pf\/wp-content\/uploads\/2024\/04\/Prava-intelektualnog-vlasnistva-i-web-3.0-212x300.jpg\" alt=\"\" width=\"212\" height=\"300\" srcset=\"https:\/\/pfsa.unsa.ba\/pf\/wp-content\/uploads\/2024\/04\/Prava-intelektualnog-vlasnistva-i-web-3.0-212x300.jpg 212w, https:\/\/pfsa.unsa.ba\/pf\/wp-content\/uploads\/2024\/04\/Prava-intelektualnog-vlasnistva-i-web-3.0-725x1024.jpg 725w, https:\/\/pfsa.unsa.ba\/pf\/wp-content\/uploads\/2024\/04\/Prava-intelektualnog-vlasnistva-i-web-3.0-768x1085.jpg 768w, https:\/\/pfsa.unsa.ba\/pf\/wp-content\/uploads\/2024\/04\/Prava-intelektualnog-vlasnistva-i-web-3.0.jpg 1004w\" sizes=\"auto, (max-width: 212px) 100vw, 212px\" \/><\/a><br \/>\n<a href=\"https:\/\/pfsa.unsa.ba\/pf\/wp-content\/uploads\/2024\/04\/Prava-intelektualnog-vlasnistva-i-web-3.0.pdf\">1. me\u0111unarodna nau\u010dna konferencija &#8220;Prava intelektualnog vlasni\u0161tva i web 3.0&#8221;<\/a>:<br \/>\nknjiga sa\u017eetaka \/ Iza Razija Me\u0161evi\u0107, Adna \u0160kamo i Mirela Ro\u017eajac-Zul\u010di\u0107 (ur.). Sarajevo:<br \/>\nUniverzitet u Sarajevu \u2013 Pravni fakultet, 2024. ISBN 978-9926-544-05-8<\/p>\n<p><img loading=\"lazy\" decoding=\"async\" class=\"alignnone size-medium wp-image-65871\" src=\"https:\/\/pfsa.unsa.ba\/pf\/wp-content\/uploads\/2023\/11\/Naslovna-Pregled-naucnoistrazivackog-rada-22-23.pdf_page-0001-212x300.jpg\" alt=\"\" width=\"212\" height=\"300\" srcset=\"https:\/\/pfsa.unsa.ba\/pf\/wp-content\/uploads\/2023\/11\/Naslovna-Pregled-naucnoistrazivackog-rada-22-23.pdf_page-0001-212x300.jpg 212w, https:\/\/pfsa.unsa.ba\/pf\/wp-content\/uploads\/2023\/11\/Naslovna-Pregled-naucnoistrazivackog-rada-22-23.pdf_page-0001-724x1024.jpg 724w, https:\/\/pfsa.unsa.ba\/pf\/wp-content\/uploads\/2023\/11\/Naslovna-Pregled-naucnoistrazivackog-rada-22-23.pdf_page-0001-768x1086.jpg 768w, https:\/\/pfsa.unsa.ba\/pf\/wp-content\/uploads\/2023\/11\/Naslovna-Pregled-naucnoistrazivackog-rada-22-23.pdf_page-0001-1086x1536.jpg 1086w, https:\/\/pfsa.unsa.ba\/pf\/wp-content\/uploads\/2023\/11\/Naslovna-Pregled-naucnoistrazivackog-rada-22-23.pdf_page-0001.jpg 1241w\" sizes=\"auto, (max-width: 212px) 100vw, 212px\" \/><\/p>\n<p><a href=\"https:\/\/pfsa.unsa.ba\/pf\/wp-content\/uploads\/2023\/11\/Pregled-NIR-a-ak.-22-23.pdf\">\u017dDRALOVI\u0106, Amila, RO\u017dAJAC-ZUL\u010cI\u0106, Mirela.<\/a><br \/>\nPregled nau\u010dnoistra\u017eiva\u010dke djelatnosti Univerziteta u Sarajevu \u2013 Pravnog fakulteta za akademsku 2022\/2023. godinu. Sarajevo: Univerzitet u Sarajevu \u2013 Pravni fakultet, 2023.<\/p>\n<p><img loading=\"lazy\" decoding=\"async\" class=\"alignnone size-medium wp-image-65647\" src=\"https:\/\/pfsa.unsa.ba\/pf\/wp-content\/uploads\/2023\/10\/RJECNIK-GLOSSARY-Naslovna-212x300.jpg\" alt=\"\" width=\"212\" height=\"300\" srcset=\"https:\/\/pfsa.unsa.ba\/pf\/wp-content\/uploads\/2023\/10\/RJECNIK-GLOSSARY-Naslovna-212x300.jpg 212w, https:\/\/pfsa.unsa.ba\/pf\/wp-content\/uploads\/2023\/10\/RJECNIK-GLOSSARY-Naslovna-724x1024.jpg 724w, https:\/\/pfsa.unsa.ba\/pf\/wp-content\/uploads\/2023\/10\/RJECNIK-GLOSSARY-Naslovna-768x1086.jpg 768w, https:\/\/pfsa.unsa.ba\/pf\/wp-content\/uploads\/2023\/10\/RJECNIK-GLOSSARY-Naslovna-1086x1536.jpg 1086w, https:\/\/pfsa.unsa.ba\/pf\/wp-content\/uploads\/2023\/10\/RJECNIK-GLOSSARY-Naslovna.jpg 1241w\" sizes=\"auto, (max-width: 212px) 100vw, 212px\" \/><\/p>\n<p><a href=\"https:\/\/pfsa.unsa.ba\/pf\/wp-content\/uploads\/2023\/11\/RJECNIK-GLOSSARY-interactive.pdf\">Gra\u0111ani, Ustav, Europa: rje\u010dnik osnovnih ustavnih pojmova u BiH<\/a> \/ Maja Sahad\u017ei\u0107, Damir Banovi\u0107, Dra\u017een Barbari\u0107, Goran Markovi\u0107 (ur.).<br \/>\nSarajevo: Univerzitet u Sarajevu \u2013 Pravni fakultet, 2023.<br \/>\nISBN 978-9926-544-03-4<br \/>\n<img loading=\"lazy\" decoding=\"async\" class=\"alignnone size-medium wp-image-65612\" src=\"https:\/\/pfsa.unsa.ba\/pf\/wp-content\/uploads\/2023\/10\/Praktikum-Naslovna-237x300.jpg\" alt=\"\" width=\"237\" height=\"300\" srcset=\"https:\/\/pfsa.unsa.ba\/pf\/wp-content\/uploads\/2023\/10\/Praktikum-Naslovna-237x300.jpg 237w, https:\/\/pfsa.unsa.ba\/pf\/wp-content\/uploads\/2023\/10\/Praktikum-Naslovna-808x1024.jpg 808w, https:\/\/pfsa.unsa.ba\/pf\/wp-content\/uploads\/2023\/10\/Praktikum-Naslovna-768x974.jpg 768w, https:\/\/pfsa.unsa.ba\/pf\/wp-content\/uploads\/2023\/10\/Praktikum-Naslovna-1211x1536.jpg 1211w, https:\/\/pfsa.unsa.ba\/pf\/wp-content\/uploads\/2023\/10\/Praktikum-Naslovna.jpg 1217w\" sizes=\"auto, (max-width: 237px) 100vw, 237px\" \/><br \/>\n\u00a9\ufe0f2023. \u2013 2028. Sva imovinska autorska prava pridr\u017eana: Univerzitet u Sarajevu \u2013 Pravni fakultet.<br \/>\n\u00a9\ufe0f2023. \u2013 2028. Sva moralna i ostala autorska prava pridr\u017eana: Me\u0161evi\u0107\/\u0160kamo.<br \/>\n\u00a9\ufe0f2028. Sva autorska prava pridr\u017eana: Me\u0161evi\u0107\/\u0160kamo.<br \/>\n<a href=\"https:\/\/pfsa.unsa.ba\/pf\/wp-content\/uploads\/2023\/10\/Mesevic-i-Skamo-Praktikum-iz-autorskog-i-srodnih-prava-el.-izdanje.pdf\">Praktikum iz autorskog i srodnih prava \/ Iza Razija Me\u0161evi\u0107, Adna \u0160kamo.<\/a><br \/>\nSarajevo: Univerzitet u Sarajevu \u2013 Pravni fakultet, 2023.<br \/>\nISBN 978-9926-544-01-0<br \/>\n<a href=\"https:\/\/pfsa.unsa.ba\/pf\/wp-content\/uploads\/2023\/09\/Knjiga-sazetaka-2023-s-koricom-8.9..pdf\"><img loading=\"lazy\" decoding=\"async\" class=\"alignnone wp-image-64706 size-medium\" src=\"https:\/\/pfsa.unsa.ba\/pf\/wp-content\/uploads\/2023\/09\/Knjiga-sazetaka-Young-Legal-Historians-212x300.jpg\" alt=\"\" width=\"212\" height=\"300\" srcset=\"https:\/\/pfsa.unsa.ba\/pf\/wp-content\/uploads\/2023\/09\/Knjiga-sazetaka-Young-Legal-Historians-212x300.jpg 212w, https:\/\/pfsa.unsa.ba\/pf\/wp-content\/uploads\/2023\/09\/Knjiga-sazetaka-Young-Legal-Historians-725x1024.jpg 725w, https:\/\/pfsa.unsa.ba\/pf\/wp-content\/uploads\/2023\/09\/Knjiga-sazetaka-Young-Legal-Historians-768x1085.jpg 768w, https:\/\/pfsa.unsa.ba\/pf\/wp-content\/uploads\/2023\/09\/Knjiga-sazetaka-Young-Legal-Historians.jpg 1004w\" sizes=\"auto, (max-width: 212px) 100vw, 212px\" \/><\/a><\/p>\n<p style=\"margin: 0cm\"><a href=\"https:\/\/pfsa.unsa.ba\/pf\/wp-content\/uploads\/2023\/09\/Knjiga-sazetaka-2023-2-18-9.pdf\">Meeting of legal cultures: book of abstracts.<\/a><\/p>\n<p style=\"margin: 0cm\">Sarajevo: Univerzitet u Sarajevu \u2013 Pravni fakultet, 2023.<\/p>\n<p><img loading=\"lazy\" decoding=\"async\" class=\"alignnone wp-image-65147\" src=\"https:\/\/pfsa.unsa.ba\/pf\/wp-content\/uploads\/2023\/09\/Realisticka-teorija-prava_Naslovna-191x300.jpg\" alt=\"\" width=\"200\" height=\"315\" srcset=\"https:\/\/pfsa.unsa.ba\/pf\/wp-content\/uploads\/2023\/09\/Realisticka-teorija-prava_Naslovna-191x300.jpg 191w, https:\/\/pfsa.unsa.ba\/pf\/wp-content\/uploads\/2023\/09\/Realisticka-teorija-prava_Naslovna-651x1024.jpg 651w, https:\/\/pfsa.unsa.ba\/pf\/wp-content\/uploads\/2023\/09\/Realisticka-teorija-prava_Naslovna-768x1207.jpg 768w, https:\/\/pfsa.unsa.ba\/pf\/wp-content\/uploads\/2023\/09\/Realisticka-teorija-prava_Naslovna.jpg 827w\" sizes=\"auto, (max-width: 200px) 100vw, 200px\" \/><\/p>\n<p><a href=\"https:\/\/pfsa.unsa.ba\/pf\/wp-content\/uploads\/2023\/09\/Realisticka-teorija-prava_22.03.2023_web.pdf\">Realisti\u010dka teorija prava \/ Damir Banovi\u0107<\/a>.<br \/>\nSarajevo: Pravni fakultet Univerziteta, 2023.<br \/>\nISBN 978-9958-14-043-3<br \/>\n<a href=\"https:\/\/pfsa.unsa.ba\/pf\/wp-content\/uploads\/2023\/06\/Knjiga-OSNOVE-PRAVA-PRIVREDNOG-SISTEMA-EVROPSKE-UNIJE-S-ODABRANIM-POLITIKAMA.pdf\"><img loading=\"lazy\" decoding=\"async\" class=\"alignleft wp-image-63582\" src=\"https:\/\/pfsa.unsa.ba\/pf\/wp-content\/uploads\/2023\/06\/Cover-245x300.png\" alt=\"\" width=\"201\" height=\"246\" srcset=\"https:\/\/pfsa.unsa.ba\/pf\/wp-content\/uploads\/2023\/06\/Cover-245x300.png 245w, https:\/\/pfsa.unsa.ba\/pf\/wp-content\/uploads\/2023\/06\/Cover.png 617w\" sizes=\"auto, (max-width: 201px) 100vw, 201px\" \/><\/a><br \/>\nImamovi\u0107 \u010cizmi\u0107, Kanita, Nikolajev, Amina, Rami\u0107, Lejla.<br \/>\n<a href=\"https:\/\/pfsa.unsa.ba\/pf\/wp-content\/uploads\/2023\/06\/Knjiga-OSNOVE-PRAVA-PRIVREDNOG-SISTEMA-EVROPSKE-UNIJE-S-ODABRANIM-POLITIKAMA.pdf\">OSNOVE PRAVA PRIVREDNOG SISTEMA EVROPSKE UNIJE S ODABRANIM POLITIKAMA<\/a><br \/>\nISBN 978-9926-403-47-8<\/p>\n<p><img loading=\"lazy\" decoding=\"async\" class=\"alignnone size-medium wp-image-61008\" src=\"https:\/\/pfsa.unsa.ba\/pf\/wp-content\/uploads\/2022\/10\/Pregled-naucnoistrazivackog-rada-2022-page-001-212x300.jpg\" alt=\"\" width=\"212\" height=\"300\" srcset=\"https:\/\/pfsa.unsa.ba\/pf\/wp-content\/uploads\/2022\/10\/Pregled-naucnoistrazivackog-rada-2022-page-001-212x300.jpg 212w, https:\/\/pfsa.unsa.ba\/pf\/wp-content\/uploads\/2022\/10\/Pregled-naucnoistrazivackog-rada-2022-page-001-768x1086.jpg 768w, https:\/\/pfsa.unsa.ba\/pf\/wp-content\/uploads\/2022\/10\/Pregled-naucnoistrazivackog-rada-2022-page-001-724x1024.jpg 724w, https:\/\/pfsa.unsa.ba\/pf\/wp-content\/uploads\/2022\/10\/Pregled-naucnoistrazivackog-rada-2022-page-001.jpg 1240w\" sizes=\"auto, (max-width: 212px) 100vw, 212px\" \/><\/p>\n<p style=\"margin: 0cm\"><a href=\"https:\/\/pfsa.unsa.ba\/pf\/wp-content\/uploads\/2023\/11\/Pregled-NIR-a-21-22.pdf\"><span lang=\"DE\">\u017dDRALOVI\u0106, Amila, RO\u017dAJAC-ZUL\u010cI\u0106, Mirela. <\/span><\/a><\/p>\n<p style=\"margin: 0cm\"><span lang=\"DE\">Pregled nau\u010dnoistra\u017eiva\u010dke djelatnosti Univerziteta u Sarajevu \u2013 Pravnog fakulteta<\/span><\/p>\n<p style=\"margin: 0cm\"><span lang=\"DE\">za akademsku 2021\/2022. godinu. Sarajevo: Univerzitet u Sarajevu \u2013 Pravni fakultet, 2022.<\/span><\/p>\n<p>&nbsp;<\/p>\n<p style=\"margin: 0cm\"><img loading=\"lazy\" decoding=\"async\" class=\"alignnone size-medium wp-image-59694\" src=\"https:\/\/pfsa.unsa.ba\/pf\/wp-content\/uploads\/2022\/09\/1_extracted_Knjiga-sazetaka-PROVINCIAE-2022-12-09-2022_page-0001-212x300.jpg\" alt=\"\" width=\"212\" height=\"300\" srcset=\"https:\/\/pfsa.unsa.ba\/pf\/wp-content\/uploads\/2022\/09\/1_extracted_Knjiga-sazetaka-PROVINCIAE-2022-12-09-2022_page-0001-212x300.jpg 212w, https:\/\/pfsa.unsa.ba\/pf\/wp-content\/uploads\/2022\/09\/1_extracted_Knjiga-sazetaka-PROVINCIAE-2022-12-09-2022_page-0001-768x1085.jpg 768w, https:\/\/pfsa.unsa.ba\/pf\/wp-content\/uploads\/2022\/09\/1_extracted_Knjiga-sazetaka-PROVINCIAE-2022-12-09-2022_page-0001-725x1024.jpg 725w, https:\/\/pfsa.unsa.ba\/pf\/wp-content\/uploads\/2022\/09\/1_extracted_Knjiga-sazetaka-PROVINCIAE-2022-12-09-2022_page-0001.jpg 1004w\" sizes=\"auto, (max-width: 212px) 100vw, 212px\" \/><\/p>\n<p style=\"margin: 0cm;text-align: left\"><a href=\"https:\/\/pfsa.unsa.ba\/pf\/wp-content\/uploads\/2022\/09\/Book-of-Abstracts-PROVINCIAE-2022.pdf\">Provinciae: Seventh International Conference of the Balkan Association<\/a><\/p>\n<p style=\"margin: 0cm;text-align: left\">of Roman Law and Roman Legal Tradition \u201cSocietas pro Iure Romano\u201d:<\/p>\n<p style=\"text-align: left\">Book of Abstracts. Sarajevo: University of Sarajevo \u2013 Faculty of Law, 2022.<\/p>\n<p><img loading=\"lazy\" decoding=\"async\" class=\"alignnone size-medium wp-image-58325\" src=\"https:\/\/pfsa.unsa.ba\/pf\/wp-content\/uploads\/2022\/05\/Zdravko-Lucic-Plinije_Naslovna-220x300.jpg\" alt=\"\" width=\"220\" height=\"300\" srcset=\"https:\/\/pfsa.unsa.ba\/pf\/wp-content\/uploads\/2022\/05\/Zdravko-Lucic-Plinije_Naslovna-220x300.jpg 220w, https:\/\/pfsa.unsa.ba\/pf\/wp-content\/uploads\/2022\/05\/Zdravko-Lucic-Plinije_Naslovna-768x1045.jpg 768w, https:\/\/pfsa.unsa.ba\/pf\/wp-content\/uploads\/2022\/05\/Zdravko-Lucic-Plinije_Naslovna-752x1024.jpg 752w, https:\/\/pfsa.unsa.ba\/pf\/wp-content\/uploads\/2022\/05\/Zdravko-Lucic-Plinije_Naslovna.jpg 1370w\" sizes=\"auto, (max-width: 220px) 100vw, 220px\" \/><\/p>\n<p style=\"margin: 0cm\"><a href=\"https:\/\/pfsa.unsa.ba\/pf\/wp-content\/uploads\/2022\/05\/Zdravko-Lucic-Plinijeva-pisma-za-web.pdf\">LU\u010cI\u0106, Zdravko. Plinijeva pisma: doprinos razumijevanju rimskog prava.<\/a><\/p>\n<p style=\"margin: 0cm\">Sarajevo:\u00a0Pravni fakultet Univerziteta, 2022.<\/p>\n<p style=\"margin: 0cm\">ISBN 978-9958-14-041-9<\/p>\n<p>&nbsp;<\/p>\n<p><img loading=\"lazy\" decoding=\"async\" class=\"alignnone size-medium wp-image-58286\" src=\"https:\/\/pfsa.unsa.ba\/pf\/wp-content\/uploads\/2022\/05\/1_extracted_Edin-Halapic-Tendencije-vrhovnog-suda-za-print1-1-208x300.jpg\" alt=\"\" width=\"208\" height=\"300\" srcset=\"https:\/\/pfsa.unsa.ba\/pf\/wp-content\/uploads\/2022\/05\/1_extracted_Edin-Halapic-Tendencije-vrhovnog-suda-za-print1-1-208x300.jpg 208w, https:\/\/pfsa.unsa.ba\/pf\/wp-content\/uploads\/2022\/05\/1_extracted_Edin-Halapic-Tendencije-vrhovnog-suda-za-print1-1-768x1106.jpg 768w, https:\/\/pfsa.unsa.ba\/pf\/wp-content\/uploads\/2022\/05\/1_extracted_Edin-Halapic-Tendencije-vrhovnog-suda-za-print1-1-711x1024.jpg 711w, https:\/\/pfsa.unsa.ba\/pf\/wp-content\/uploads\/2022\/05\/1_extracted_Edin-Halapic-Tendencije-vrhovnog-suda-za-print1-1.jpg 1158w\" sizes=\"auto, (max-width: 208px) 100vw, 208px\" \/><\/p>\n<p style=\"margin: 0cm\"><a href=\"https:\/\/pfsa.unsa.ba\/pf\/wp-content\/uploads\/2022\/05\/Edin-Halapic-Tendencije-vrhovnog-suda.pdf\">HALAPI\u0106, Edin. Tendencije Vrhovnog suda Sjedinjenih Ameri\u010dkih Dr\u017eava<\/a><\/p>\n<p style=\"margin: 0cm\">u prvoj<span style=\"font-family: inherit;font-size: 1em\">\u00a0p<\/span><span style=\"font-family: inherit;font-size: 1em\">olovini XX vijeka. Sarajevo:\u00a0P<\/span><span style=\"font-family: inherit;font-size: 1em\">ravni fakultet Univerziteta, 2022.<\/span><\/p>\n<p style=\"margin: 0cm\">ISBN\u00a0978-9958-14-040-2<\/p>\n<p>&nbsp;<\/p>\n<p><img loading=\"lazy\" decoding=\"async\" class=\"alignnone wp-image-56024\" src=\"https:\/\/pfsa.unsa.ba\/pf\/wp-content\/uploads\/2022\/01\/Lucic.jpg\" alt=\"\" width=\"212\" height=\"299\" \/><\/p>\n<p><a href=\"https:\/\/pfsa.unsa.ba\/pf\/wp-content\/uploads\/2022\/01\/Zdravko-Lucic-Klasicni-pravni-tekstovi-za-web.pdf\">LU\u010cI\u0106, Zdravko. Klasi\u010dni pravni tekstovi : priru\u010dnik.<\/a><br \/>\nSarajevo : Pravni fakultet Univerziteta, 2021.<br \/>\nISBN 978-9958-14-039-6<\/p>\n<p><img loading=\"lazy\" decoding=\"async\" class=\"alignnone size-medium wp-image-55770\" src=\"https:\/\/pfsa.unsa.ba\/pf\/wp-content\/uploads\/2021\/12\/Naslovnica-za-web-212x300.jpg\" alt=\"\" width=\"212\" height=\"300\" srcset=\"https:\/\/pfsa.unsa.ba\/pf\/wp-content\/uploads\/2021\/12\/Naslovnica-za-web-212x300.jpg 212w, https:\/\/pfsa.unsa.ba\/pf\/wp-content\/uploads\/2021\/12\/Naslovnica-za-web.jpg 251w\" sizes=\"auto, (max-width: 212px) 100vw, 212px\" \/><\/p>\n<p style=\"margin: 0cm\"><a href=\"https:\/\/pfsa.unsa.ba\/pf\/wp-content\/uploads\/2021\/12\/Knjiga-sazetaka-za-web.pdf\">PREDNOSTI alternativnog rje\u0161avanja sporova : knjiga sa\u017eetaka.<\/a><\/p>\n<p>Sarajevo : Pravni fakultet Univerziteta, 2019.<br \/>\nISBN\u00a0978-9958-14-020-4<\/p>\n<\/div>\n<p>&nbsp;<\/p>\n","protected":false},"excerpt":{"rendered":"<p>Zinka Grbo i Lejla Hasanovi\u0107 (ur.) Okrugli sto \u201eDeset godina Zakona o privrednim dru\u0161tvima u Federaciji Bosne i Hercegovine\u201c : Pravni fakultet Univerziteta u Sarajevu 30. 10. 2025. : knjiga sa\u017eetaka Sarajevo: Univerzitet u Sarajevu \u2013 Pravni fakultet, 2026. Lejla Hasanovi\u0107 i Berina Ke\u010d (ur.) Obavljanje stru\u010dne prakse u pravosudnim institucijama i advokaturi: priru\u010dnik za [&hellip;]<\/p>\n","protected":false},"author":1,"featured_media":0,"parent":131,"menu_order":0,"comment_status":"closed","ping_status":"closed","template":"","meta":{"_eb_attr":"","jetpack_post_was_ever_published":false,"footnotes":""},"class_list":["post-55767","page","type-page","status-publish","hentry","node node-blog clearfix"],"jetpack_shortlink":"https:\/\/wp.me\/P9i2Az-evt","jetpack_sharing_enabled":true,"post_mailing_queue_ids":[],"_links":{"self":[{"href":"https:\/\/pfsa.unsa.ba\/pf\/wp-json\/wp\/v2\/pages\/55767","targetHints":{"allow":["GET"]}}],"collection":[{"href":"https:\/\/pfsa.unsa.ba\/pf\/wp-json\/wp\/v2\/pages"}],"about":[{"href":"https:\/\/pfsa.unsa.ba\/pf\/wp-json\/wp\/v2\/types\/page"}],"author":[{"embeddable":true,"href":"https:\/\/pfsa.unsa.ba\/pf\/wp-json\/wp\/v2\/users\/1"}],"replies":[{"embeddable":true,"href":"https:\/\/pfsa.unsa.ba\/pf\/wp-json\/wp\/v2\/comments?post=55767"}],"version-history":[{"count":114,"href":"https:\/\/pfsa.unsa.ba\/pf\/wp-json\/wp\/v2\/pages\/55767\/revisions"}],"predecessor-version":[{"id":75846,"href":"https:\/\/pfsa.unsa.ba\/pf\/wp-json\/wp\/v2\/pages\/55767\/revisions\/75846"}],"up":[{"embeddable":true,"href":"https:\/\/pfsa.unsa.ba\/pf\/wp-json\/wp\/v2\/pages\/131"}],"wp:attachment":[{"href":"https:\/\/pfsa.unsa.ba\/pf\/wp-json\/wp\/v2\/media?parent=55767"}],"curies":[{"name":"wp","href":"https:\/\/api.w.org\/{rel}","templated":true}]}}