{"id":497,"date":"2014-08-25T10:03:52","date_gmt":"2014-08-25T08:03:52","guid":{"rendered":"http:\/\/www.pfsa.unsa.ba\/pf\/?page_id=497"},"modified":"2024-09-19T09:31:10","modified_gmt":"2024-09-19T07:31:10","slug":"katedra-krivicnog-prava","status":"publish","type":"page","link":"https:\/\/pfsa.unsa.ba\/pf\/fakultet\/katedre\/katedra-krivicnog-prava\/","title":{"rendered":"Katedra KP"},"content":{"rendered":"<div class=\"large-12 columns\">\n<div class=\"service-div \">\n<div class=\"icon-container bg\"><\/div>\n<h3>Katedra krivi\u010dnog prava<\/h3>\n<p>\u0160ef katedre &#8211; prof. dr. Vildana Pleh | e-mail: <a href=\"mailto:v.pleh@pfsa.unsa.ba\" target=\"_top\" rel=\"noopener\">v.pleh@pfsa.unsa.ba<\/a><br \/>\nSekretar katedre &#8211; stru\u010dna saradnica Kanita Pru\u0161\u010danovi\u0107 MA iur. | e-mail: <a href=\"mailto:k.pruscanovic@pfsa.unsa.ba\">k.pruscanovic@pfsa.unsa.ba<\/a><\/p>\n<p>Od osnivanja Pravnog fakulteta u Sarajevu funkciju \u0161efa Katedre krivi\u010dnog prava obavljali su sljede\u0107i nastavnici: prof. dr. Aleksandar Staji\u0107, prof. dr. Mihajlo Ili\u0107, prof. dr. Rajka Mla\u0111enovi\u0107, prof. dr. Milanka Ve\u0161ovi\u0107, prof. dr. Hajrija Sijer\u010di\u0107-\u010coli\u0107, prof. dr. Zvonimir Tomi\u0107 i prof. dr. Borislav Petrovi\u0107. Trenutno funkciju \u0161efa Katedre krivi\u010dnog prava vr\u0161i prof. dr. Vildana Pleh.<\/p>\n<p>Katedra krivi\u010dnog prava udru\u017euje akademsko osoblje iz sljede\u0107ih nau\u010dnih oblasti:<\/p>\n<ul>\n<li>Interdisciplinarne nau\u010dne oblasti<\/li>\n<li>Krivi\u010dno pravo<\/li>\n<li>Krivi\u010dno procesno pravo<\/li>\n<\/ul>\n<\/div>\n<\/div>\n","protected":false},"excerpt":{"rendered":"<p>Katedra krivi\u010dnog prava \u0160ef katedre &#8211; prof. dr. Vildana Pleh | e-mail: <a href=\"mailto:v.pleh@pfsa.unsa.ba\" class=\"autohyperlink\">v.pleh@pfsa.unsa.ba<\/a> Sekretar katedre &#8211; stru\u010dna saradnica Kanita Pru\u0161\u010danovi\u0107 MA iur. | e-mail: <a href=\"mailto:k.pruscanovic@pfsa.unsa.ba\" class=\"autohyperlink\">k.pruscanovic@pfsa.unsa.ba<\/a> Od osnivanja Pravnog fakulteta u Sarajevu funkciju \u0161efa Katedre krivi\u010dnog prava obavljali su sljede\u0107i nastavnici: prof. dr. Aleksandar Staji\u0107, prof. dr. Mihajlo Ili\u0107, prof. dr. Rajka Mla\u0111enovi\u0107, prof. dr. Milanka [&hellip;]<\/p>\n","protected":false},"author":1,"featured_media":0,"parent":184,"menu_order":5,"comment_status":"open","ping_status":"closed","template":"","meta":{"_eb_attr":"","jetpack_post_was_ever_published":false,"footnotes":""},"class_list":["post-497","page","type-page","status-publish","hentry","node node-blog clearfix"],"jetpack_shortlink":"https:\/\/wp.me\/P9i2Az-81","jetpack_sharing_enabled":true,"post_mailing_queue_ids":[],"_links":{"self":[{"href":"https:\/\/pfsa.unsa.ba\/pf\/wp-json\/wp\/v2\/pages\/497","targetHints":{"allow":["GET"]}}],"collection":[{"href":"https:\/\/pfsa.unsa.ba\/pf\/wp-json\/wp\/v2\/pages"}],"about":[{"href":"https:\/\/pfsa.unsa.ba\/pf\/wp-json\/wp\/v2\/types\/page"}],"author":[{"embeddable":true,"href":"https:\/\/pfsa.unsa.ba\/pf\/wp-json\/wp\/v2\/users\/1"}],"replies":[{"embeddable":true,"href":"https:\/\/pfsa.unsa.ba\/pf\/wp-json\/wp\/v2\/comments?post=497"}],"version-history":[{"count":15,"href":"https:\/\/pfsa.unsa.ba\/pf\/wp-json\/wp\/v2\/pages\/497\/revisions"}],"predecessor-version":[{"id":69480,"href":"https:\/\/pfsa.unsa.ba\/pf\/wp-json\/wp\/v2\/pages\/497\/revisions\/69480"}],"up":[{"embeddable":true,"href":"https:\/\/pfsa.unsa.ba\/pf\/wp-json\/wp\/v2\/pages\/184"}],"wp:attachment":[{"href":"https:\/\/pfsa.unsa.ba\/pf\/wp-json\/wp\/v2\/media?parent=497"}],"curies":[{"name":"wp","href":"https:\/\/api.w.org\/{rel}","templated":true}]}}