{"id":495,"date":"2014-08-25T10:02:21","date_gmt":"2014-08-25T08:02:21","guid":{"rendered":"http:\/\/www.pfsa.unsa.ba\/pf\/?page_id=495"},"modified":"2024-11-06T13:27:56","modified_gmt":"2024-11-06T12:27:56","slug":"katedra-za-komparativnu-pravnu-historiju-i-komparativno-pravo","status":"publish","type":"page","link":"https:\/\/pfsa.unsa.ba\/pf\/fakultet\/katedre\/katedra-za-komparativnu-pravnu-historiju-i-komparativno-pravo\/","title":{"rendered":"Katedra PHKP"},"content":{"rendered":"<div class=\"large-12 columns\">\n<div class=\"service-div \">\n<div class=\"icon-container bg\"><\/div>\n<h3>Katedra za pravnu historiju i komparativno pravo<\/h3>\n<p>\u0160ef katedre &#8211; prof. dr. Mehmed Be\u0107i\u0107 | e-mail:<a href=\"mailto:m.becic@pfsa.unsa.ba\"> m.becic@pfsa.unsa.ba<\/a><br \/>\nSekretar katedre &#8211; asistentica Enida Du\u010di\u0107 Mr. iur.| e-mail: <a href=\"mailto:t.herenda@pfsa.unsa.ba\">e.ducic@pfsa.unsa.ba<\/a><\/p>\n<p>Katedru za pravnu historiju i komparativno pravo utemeljio je prof. dr. Aleksandar Solovjev. Od osnivanja Fakulteta funkciju \u0161efa Katedre obavljali su sljede\u0107i nastavnici: prof. dr. Milo\u0161 Baji\u0107, akademik prof. dr. Avdo Su\u0107eska, prof. dr. \u0110or\u0111o Samard\u017ei\u0107, prof. dr. Vera \u010cu\u010dkovi\u0107, prof. dr. Raifa Festi\u0107, prof. dr. Mustafa Imamovi\u0107, prof. dr. Fikret Kar\u010di\u0107, prof. dr. Enes Durmi\u0161evi\u0107 i prof. dr. Zdravko Lu\u010di\u0107. Danas funkciju \u0161efa Katedre za pravnu historiju i komparativno pravo vr\u0161i prof. dr. Mehmed Be\u0107i\u0107.<\/p>\n<p>Katedra za pravnu historiju i komparativno pravo udru\u017euje akademsko osoblje iz sljede\u0107ih nau\u010dnih oblasti:<\/p>\n<ul>\n<li>Pravna historija<\/li>\n<li>Rimsko pravo<\/li>\n<li>Komparativno pravo<\/li>\n<li>Interdisciplinarne nau\u010dne oblasti<\/li>\n<\/ul>\n<\/div>\n<\/div>\n","protected":false},"excerpt":{"rendered":"<p>Katedra za pravnu historiju i komparativno pravo \u0160ef katedre &#8211; prof. dr. Mehmed Be\u0107i\u0107 | e-mail: <a href=\"mailto:m.becic@pfsa.unsa.ba\" class=\"autohyperlink\">m.becic@pfsa.unsa.ba<\/a> Sekretar katedre &#8211; asistentica Enida Du\u010di\u0107 Mr. iur.| e-mail: <a href=\"mailto:e.ducic@pfsa.unsa.ba\" class=\"autohyperlink\">e.ducic@pfsa.unsa.ba<\/a> Katedru za pravnu historiju i komparativno pravo utemeljio je prof. dr. Aleksandar Solovjev. Od osnivanja Fakulteta funkciju \u0161efa Katedre obavljali su sljede\u0107i nastavnici: prof. dr. Milo\u0161 Baji\u0107, akademik [&hellip;]<\/p>\n","protected":false},"author":1,"featured_media":0,"parent":184,"menu_order":4,"comment_status":"open","ping_status":"closed","template":"","meta":{"_eb_attr":"","jetpack_post_was_ever_published":false,"footnotes":""},"class_list":["post-495","page","type-page","status-publish","hentry","node node-blog clearfix"],"jetpack_shortlink":"https:\/\/wp.me\/P9i2Az-7Z","jetpack_sharing_enabled":true,"post_mailing_queue_ids":[],"_links":{"self":[{"href":"https:\/\/pfsa.unsa.ba\/pf\/wp-json\/wp\/v2\/pages\/495","targetHints":{"allow":["GET"]}}],"collection":[{"href":"https:\/\/pfsa.unsa.ba\/pf\/wp-json\/wp\/v2\/pages"}],"about":[{"href":"https:\/\/pfsa.unsa.ba\/pf\/wp-json\/wp\/v2\/types\/page"}],"author":[{"embeddable":true,"href":"https:\/\/pfsa.unsa.ba\/pf\/wp-json\/wp\/v2\/users\/1"}],"replies":[{"embeddable":true,"href":"https:\/\/pfsa.unsa.ba\/pf\/wp-json\/wp\/v2\/comments?post=495"}],"version-history":[{"count":20,"href":"https:\/\/pfsa.unsa.ba\/pf\/wp-json\/wp\/v2\/pages\/495\/revisions"}],"predecessor-version":[{"id":70437,"href":"https:\/\/pfsa.unsa.ba\/pf\/wp-json\/wp\/v2\/pages\/495\/revisions\/70437"}],"up":[{"embeddable":true,"href":"https:\/\/pfsa.unsa.ba\/pf\/wp-json\/wp\/v2\/pages\/184"}],"wp:attachment":[{"href":"https:\/\/pfsa.unsa.ba\/pf\/wp-json\/wp\/v2\/media?parent=495"}],"curies":[{"name":"wp","href":"https:\/\/api.w.org\/{rel}","templated":true}]}}