{"id":493,"date":"2014-08-25T10:00:35","date_gmt":"2014-08-25T08:00:35","guid":{"rendered":"http:\/\/www.pfsa.unsa.ba\/pf\/?page_id=493"},"modified":"2026-02-18T10:52:59","modified_gmt":"2026-02-18T09:52:59","slug":"katedra-gradanskog-prava","status":"publish","type":"page","link":"https:\/\/pfsa.unsa.ba\/pf\/fakultet\/katedre\/katedra-gradanskog-prava\/","title":{"rendered":"Katedra GP"},"content":{"rendered":"<div class=\"large-12 columns\">\n<div class=\"service-div \">\n<div class=\"icon-container bg\"><\/div>\n<h3>Katedra gra\u0111anskog prava<\/h3>\n<p>\u0160ef katedre &#8211; prof. dr. D\u017eamna Vrani\u0107 | e-mail: <a href=\"mailto:dz.duman@pfsa.unsa.ba\" rel=\"noopener\">dz.duman@pfsa.unsa.ba<\/a><br \/>\nSekretar katedre &#8211; asistentica Sevleta Halilovi\u0107 Mr. iur. | e-mail: <a href=\"mailto:s.halilovic@pfsa.unsa.ba\" rel=\"noopener\">s.halilovic@pfsa.unsa.ba<\/a><\/p>\n<p>Funkciju \u0161efa Katedre gra\u0111anskog prava od osnivanja Pravnog fakulteta u Sarajevu obavljali su sljede\u0107i nastavnici: akademik prof. dr. Vojislav Spai\u0107, prof. dr. Stevan Jak\u0161i\u0107, prof. dr. Bogdan Loza, prof. dr. Mihajlo Velimirovi\u0107, akademik prof. dr. Slavica Krneta, prof. dr. Nerimana Tralji\u0107, prof. dr. \u0160efkija \u010covi\u0107, prof. dr. Edin Muminovi\u0107, prof. dr. Abedin Biki\u0107 i prof. dr. Meliha Povlaki\u0107. Trenutno funkciju \u0161efa Katedre gra\u0111anskog prava vr\u0161i prof. dr. D\u017eamna Vrani\u0107.<\/p>\n<p>Katedra gra\u0111anskog prava udru\u017euje akademsko osoblje iz sljede\u0107ih nau\u010dnih oblasti:<\/p>\n<ul>\n<li>Evropsko privatno pravo<\/li>\n<li>Gra\u0111ansko pravo i gra\u0111ansko procesno pravo<\/li>\n<li>Me\u0111unarodno privatno pravo<\/li>\n<li>Porodi\u010dno pravo<\/li>\n<li>Prava intelektualnog vlasni\u0161tva<\/li>\n<li>Trgova\u010dko pravo i pravo privrednih dru\u0161tava<\/li>\n<\/ul>\n<\/div>\n<\/div>\n","protected":false},"excerpt":{"rendered":"<p>Katedra gra\u0111anskog prava \u0160ef katedre &#8211; prof. dr. D\u017eamna Vrani\u0107 | e-mail: <a href=\"mailto:dz.duman@pfsa.unsa.ba\" class=\"autohyperlink\">dz.duman@pfsa.unsa.ba<\/a> Sekretar katedre &#8211; asistentica Sevleta Halilovi\u0107 Mr. iur. | e-mail: <a href=\"mailto:s.halilovic@pfsa.unsa.ba\" class=\"autohyperlink\">s.halilovic@pfsa.unsa.ba<\/a> Funkciju \u0161efa Katedre gra\u0111anskog prava od osnivanja Pravnog fakulteta u Sarajevu obavljali su sljede\u0107i nastavnici: akademik prof. dr. Vojislav Spai\u0107, prof. dr. Stevan Jak\u0161i\u0107, prof. dr. Bogdan Loza, prof. dr. Mihajlo [&hellip;]<\/p>\n","protected":false},"author":1,"featured_media":0,"parent":184,"menu_order":3,"comment_status":"open","ping_status":"closed","template":"","meta":{"_eb_attr":"","jetpack_post_was_ever_published":false,"footnotes":""},"class_list":["post-493","page","type-page","status-publish","hentry","node node-blog clearfix"],"jetpack_shortlink":"https:\/\/wp.me\/P9i2Az-7X","jetpack_sharing_enabled":true,"post_mailing_queue_ids":[],"_links":{"self":[{"href":"https:\/\/pfsa.unsa.ba\/pf\/wp-json\/wp\/v2\/pages\/493","targetHints":{"allow":["GET"]}}],"collection":[{"href":"https:\/\/pfsa.unsa.ba\/pf\/wp-json\/wp\/v2\/pages"}],"about":[{"href":"https:\/\/pfsa.unsa.ba\/pf\/wp-json\/wp\/v2\/types\/page"}],"author":[{"embeddable":true,"href":"https:\/\/pfsa.unsa.ba\/pf\/wp-json\/wp\/v2\/users\/1"}],"replies":[{"embeddable":true,"href":"https:\/\/pfsa.unsa.ba\/pf\/wp-json\/wp\/v2\/comments?post=493"}],"version-history":[{"count":17,"href":"https:\/\/pfsa.unsa.ba\/pf\/wp-json\/wp\/v2\/pages\/493\/revisions"}],"predecessor-version":[{"id":75713,"href":"https:\/\/pfsa.unsa.ba\/pf\/wp-json\/wp\/v2\/pages\/493\/revisions\/75713"}],"up":[{"embeddable":true,"href":"https:\/\/pfsa.unsa.ba\/pf\/wp-json\/wp\/v2\/pages\/184"}],"wp:attachment":[{"href":"https:\/\/pfsa.unsa.ba\/pf\/wp-json\/wp\/v2\/media?parent=493"}],"curies":[{"name":"wp","href":"https:\/\/api.w.org\/{rel}","templated":true}]}}