{"id":491,"date":"2014-08-25T09:59:20","date_gmt":"2014-08-25T07:59:20","guid":{"rendered":"http:\/\/www.pfsa.unsa.ba\/pf\/?page_id=491"},"modified":"2024-11-06T13:31:04","modified_gmt":"2024-11-06T12:31:04","slug":"katedra-pravno-ekonomskih-nauka","status":"publish","type":"page","link":"https:\/\/pfsa.unsa.ba\/pf\/fakultet\/katedre\/katedra-pravno-ekonomskih-nauka\/","title":{"rendered":"Katedra PEN"},"content":{"rendered":"<div class=\"large-12 columns\">\n<div class=\"service-div \">\n<div class=\"icon-container bg\"><\/div>\n<h3>Katedra pravno-ekonomskih nauka<\/h3>\n<p>\u0160ef katedre &#8211; prof. dr. Kanita Imamovi\u0107-\u010cizmi\u0107 | e-mail:<a href=\"mailto:k.imamovic-cizmic@pfsa.unsa.ba\" target=\"_top\" rel=\"noopener\"> k.imamovic-cizmic@pfsa.unsa.ba<\/a><br \/>\nSekretar katedre \u2013 asistent Haris Had\u017eijusufovi\u0107 Mr. iur. | e-mail: <a href=\"mailto:h.hadzijusufovic@pfsa.unsa.ba\">h.hadzijusufovic@pfsa.unsa.ba<\/a><\/p>\n<p>Na Katedri pravno \u2013 ekonomskih nauka Pravnog fakulteta u Sarajevu funkciju \u0161efa katedre obavljali su sljede\u0107i nastavnici: prof. dr. Dragomir Krndija, akademik prof. dr. Stjepan Lovrenovi\u0107, prof. dr. Milivoje Eri\u0107, prof. dr. Ismet Dautba\u0161i\u0107, prof. dr. Bajro Goli\u0107, prof. dr. Kanita Imamovi\u0107 &#8211; \u010cizmi\u0107 i prof. dr. Amina Nikolajev. Trenutno funkciju \u0161efa Katedre pravno \u2013 ekonomskih nauka vr\u0161i prof. dr. Kanita Imamovi\u0107-\u010cizmi\u0107.<\/p>\n<p>Katedra pravno &#8211; ekonomskih nauka udru\u017euje akademsko osoblje iz sljede\u0107ih nau\u010dnih oblasti:<\/p>\n<ul>\n<li>Finansijsko pravo<\/li>\n<li>Pravno &#8211; ekonomske nauke<\/li>\n<\/ul>\n<\/div>\n<\/div>\n","protected":false},"excerpt":{"rendered":"<p>Katedra pravno-ekonomskih nauka \u0160ef katedre &#8211; prof. dr. Kanita Imamovi\u0107-\u010cizmi\u0107 | e-mail: <a href=\"mailto:k.imamovic-cizmic@pfsa.unsa.ba\" class=\"autohyperlink\">k.imamovic-cizmic@pfsa.unsa.ba<\/a> Sekretar katedre \u2013 asistent Haris Had\u017eijusufovi\u0107 Mr. iur. | e-mail: <a href=\"mailto:h.hadzijusufovic@pfsa.unsa.ba\" class=\"autohyperlink\">h.hadzijusufovic@pfsa.unsa.ba<\/a> Na Katedri pravno \u2013 ekonomskih nauka Pravnog fakulteta u Sarajevu funkciju \u0161efa katedre obavljali su sljede\u0107i nastavnici: prof. dr. Dragomir Krndija, akademik prof. dr. Stjepan Lovrenovi\u0107, prof. dr. Milivoje Eri\u0107, prof. [&hellip;]<\/p>\n","protected":false},"author":1,"featured_media":0,"parent":184,"menu_order":2,"comment_status":"open","ping_status":"closed","template":"","meta":{"_eb_attr":"","jetpack_post_was_ever_published":false,"footnotes":""},"class_list":["post-491","page","type-page","status-publish","hentry","node node-blog clearfix"],"jetpack_shortlink":"https:\/\/wp.me\/P9i2Az-7V","jetpack_sharing_enabled":true,"post_mailing_queue_ids":[],"_links":{"self":[{"href":"https:\/\/pfsa.unsa.ba\/pf\/wp-json\/wp\/v2\/pages\/491","targetHints":{"allow":["GET"]}}],"collection":[{"href":"https:\/\/pfsa.unsa.ba\/pf\/wp-json\/wp\/v2\/pages"}],"about":[{"href":"https:\/\/pfsa.unsa.ba\/pf\/wp-json\/wp\/v2\/types\/page"}],"author":[{"embeddable":true,"href":"https:\/\/pfsa.unsa.ba\/pf\/wp-json\/wp\/v2\/users\/1"}],"replies":[{"embeddable":true,"href":"https:\/\/pfsa.unsa.ba\/pf\/wp-json\/wp\/v2\/comments?post=491"}],"version-history":[{"count":16,"href":"https:\/\/pfsa.unsa.ba\/pf\/wp-json\/wp\/v2\/pages\/491\/revisions"}],"predecessor-version":[{"id":70438,"href":"https:\/\/pfsa.unsa.ba\/pf\/wp-json\/wp\/v2\/pages\/491\/revisions\/70438"}],"up":[{"embeddable":true,"href":"https:\/\/pfsa.unsa.ba\/pf\/wp-json\/wp\/v2\/pages\/184"}],"wp:attachment":[{"href":"https:\/\/pfsa.unsa.ba\/pf\/wp-json\/wp\/v2\/media?parent=491"}],"curies":[{"name":"wp","href":"https:\/\/api.w.org\/{rel}","templated":true}]}}