{"id":489,"date":"2014-08-25T09:58:03","date_gmt":"2014-08-25T07:58:03","guid":{"rendered":"http:\/\/www.pfsa.unsa.ba\/pf\/?page_id=489"},"modified":"2023-10-05T11:08:50","modified_gmt":"2023-10-05T09:08:50","slug":"katedra-za-drzavno-i-medunarodno-javno-pravo","status":"publish","type":"page","link":"https:\/\/pfsa.unsa.ba\/pf\/fakultet\/katedre\/katedra-za-drzavno-i-medunarodno-javno-pravo\/","title":{"rendered":"Katedra DMJP"},"content":{"rendered":"<div class=\"large-12 columns\">\n<div class=\"service-div \">\n<div class=\"icon-container bg\"><\/div>\n<h3>Katedra za dr\u017eavno i me\u0111unarodno javno pravo<\/h3>\n<p>\u0160ef katedre: prof. dr.\u00a0Jasminka Grada\u0161\u010devi\u0107- Sijer\u010di\u0107\u00a0 | e-mail: <a href=\"mailto:j.gradascevic.sijercic@pfsa.unsa.ba\">j.gradascevic.sijercic@pfsa.unsa.ba<\/a><br \/>\nSekretar katedre: asistentica Almina Selimba\u0161i\u0107 MA iur.| e-mail: <a href=\"mailto:a.selimbasic@pfsa.unsa.ba\" target=\"_top\" rel=\"noopener\">a.selimbasic@pfsa.unsa.ba<\/a><\/p>\n<p>Od osnivanja Pravnog fakulteta u Sarajevu funkciju \u0161efa Katedre za dr\u017eavno i me\u0111unarodno javno pravo obavljali su sljede\u0107i nastavnici: prof. dr. Vlado Jokanovi\u0107, akademik prof. dr. Hamdija \u010cemerli\u0107, prof. dr. Bo\u0161ko Peri\u0107, prof. dr. Mustafa Kamari\u0107, prof. dr. Ga\u0161o Mijanovi\u0107, prof. dr. Zvonimir Stenek, prof. dr. Muba Dizdarevi\u0107 Pele\u0161, prof. dr. Fuad Muhi\u0107, prof. dr. Ibrahim Festi\u0107 i prof. dr. Zdravko Grebo. Trenutno funkciju \u0161efa Katedre za dr\u017eavno i me\u0111unarodno javno pravo vr\u0161i prof. dr. Jasminka Grada\u0161\u010devi\u0107- Sijer\u010di\u0107.<\/p>\n<p>Katedra za dr\u017eavno i me\u0111unarodno javno pravo udru\u017euje akademsko osoblje iz sljede\u0107ih nau\u010dnih oblasti:<\/p>\n<ul>\n<li>Evropsko javno pravo<\/li>\n<li>Interdisciplinarne nau\u010dne oblasti<\/li>\n<li>Me\u0111unarodno pravo<\/li>\n<li>Radno i socijalno pravo<\/li>\n<li>Pravo i dru\u0161tvo<\/li>\n<li>Teorija prava i dr\u017eave<\/li>\n<li>Upravno pravo i uprava<\/li>\n<li>Ustavno pravo<\/li>\n<\/ul>\n<\/div>\n<\/div>\n","protected":false},"excerpt":{"rendered":"<p>Katedra za dr\u017eavno i me\u0111unarodno javno pravo \u0160ef katedre: prof. dr.\u00a0Jasminka Grada\u0161\u010devi\u0107- Sijer\u010di\u0107\u00a0 | e-mail: <a href=\"mailto:j.gradascevic.sijercic@pfsa.unsa.ba\" class=\"autohyperlink\">j.gradascevic.sijercic@pfsa.unsa.ba<\/a> Sekretar katedre: asistentica Almina Selimba\u0161i\u0107 MA iur.| e-mail: <a href=\"mailto:a.selimbasic@pfsa.unsa.ba\" class=\"autohyperlink\">a.selimbasic@pfsa.unsa.ba<\/a> Od osnivanja Pravnog fakulteta u Sarajevu funkciju \u0161efa Katedre za dr\u017eavno i me\u0111unarodno javno pravo obavljali su sljede\u0107i nastavnici: prof. dr. Vlado Jokanovi\u0107, akademik prof. dr. Hamdija \u010cemerli\u0107, prof. dr. [&hellip;]<\/p>\n","protected":false},"author":1,"featured_media":0,"parent":184,"menu_order":1,"comment_status":"open","ping_status":"closed","template":"","meta":{"_eb_attr":"","jetpack_post_was_ever_published":false,"footnotes":""},"class_list":["post-489","page","type-page","status-publish","hentry","node node-blog clearfix"],"jetpack_shortlink":"https:\/\/wp.me\/P9i2Az-7T","jetpack_sharing_enabled":true,"post_mailing_queue_ids":[],"_links":{"self":[{"href":"https:\/\/pfsa.unsa.ba\/pf\/wp-json\/wp\/v2\/pages\/489","targetHints":{"allow":["GET"]}}],"collection":[{"href":"https:\/\/pfsa.unsa.ba\/pf\/wp-json\/wp\/v2\/pages"}],"about":[{"href":"https:\/\/pfsa.unsa.ba\/pf\/wp-json\/wp\/v2\/types\/page"}],"author":[{"embeddable":true,"href":"https:\/\/pfsa.unsa.ba\/pf\/wp-json\/wp\/v2\/users\/1"}],"replies":[{"embeddable":true,"href":"https:\/\/pfsa.unsa.ba\/pf\/wp-json\/wp\/v2\/comments?post=489"}],"version-history":[{"count":19,"href":"https:\/\/pfsa.unsa.ba\/pf\/wp-json\/wp\/v2\/pages\/489\/revisions"}],"predecessor-version":[{"id":65396,"href":"https:\/\/pfsa.unsa.ba\/pf\/wp-json\/wp\/v2\/pages\/489\/revisions\/65396"}],"up":[{"embeddable":true,"href":"https:\/\/pfsa.unsa.ba\/pf\/wp-json\/wp\/v2\/pages\/184"}],"wp:attachment":[{"href":"https:\/\/pfsa.unsa.ba\/pf\/wp-json\/wp\/v2\/media?parent=489"}],"curies":[{"name":"wp","href":"https:\/\/api.w.org\/{rel}","templated":true}]}}