{"id":197,"date":"2014-08-21T10:30:05","date_gmt":"2014-08-21T08:30:05","guid":{"rendered":"http:\/\/www.pfsa.unsa.ba\/pf\/?page_id=197"},"modified":"2025-09-04T12:14:44","modified_gmt":"2025-09-04T10:14:44","slug":"baze-podataka","status":"publish","type":"page","link":"https:\/\/pfsa.unsa.ba\/pf\/biblioteka\/baze-podataka\/","title":{"rendered":"Katalog i baze podataka"},"content":{"rendered":"<div class=\"service-div large-12 columns\">\n<p>&nbsp;<\/p>\n<div class=\"large-6 columns\">\n<h4 style=\"text-align: justify;\"><a href=\"https:\/\/plus.cobiss.net\/cobiss\/bh\/bs\/bib\/search?db=pfsa\"><strong>Katalog biblioteke u COBISS sistemu<\/strong><\/a><\/h4>\n<style>\n                            #cobiss-plus *,<br \/>                            #cobiss-plus :after,<br \/>                            #cobiss-plus :before {<br \/>                                -webkit-box-sizing: border-box !important;<br \/>                                -moz-box-sizing: border-box !important;<br \/>                                box-sizing: border-box !important<br \/>                            }<\/p>\n<p>                            #cobiss-plus button:hover {<br \/>                                background-color: #5dabc7 !important;<br \/>                                border: 1px solid #5dabc7 !important<br \/>                            }<\/p>\n<p>                            #cobiss-plus input::placeholder {<br \/>                                color: #999<br \/>                            }<br \/>                        <\/style>\n<div style=\"padding: 10px 0 14px 0;\">\n<div style=\"position: relative;\">\n<form id=\"cobiss-plus\" style=\"width: 100%; max-width: 800px;\" action=\"https:\/\/plus.cobiss.net\/cobiss\/bh\/bs\/bib\/search\" method=\"get\"><input name=\"database\" type=\"hidden\" value=\"pfsa\" \/><\/p>\n<div style=\"position: absolute; left: 0; top: 0; border-radius: 17px 0 0 17px; padding: 1px 7px 1px 10px; color: #4d6b8a; background-color: #fff; border: 1px solid #ccc; border-right: 0; height: 30px;\"><img decoding=\"async\" style=\"width: 19px; height: 24px; padding: 0; margin: 0;\" title=\"COBISS-plus-icon\" src=\"https:\/\/www.izum.si\/images\/out\/cobiss-plus-icon.SVG\" alt=\"COBISS+\" \/><\/div>\n<div style=\"margin-left: 37px; margin-right: 34px;\"><input style=\"width: 100%; border-radius: 0; outline: 0; font-family: Arial,sans-serif; height: 30px; padding: 6px 12px; background-color: #fff; border: 1px solid #c2cad8; font-size: 13px; line-height: 1.42857; color: #4d6b8a; background-image: none;\" name=\"q\" type=\"search\" placeholder=\"pretraga gra\u0111e...\" \/><\/div>\n<div style=\"position: absolute; top: 0; width: 35px; right: 0;\"><button style=\"color: #fff; background-color: #0077a8; padding: 4px 10px 2px 6px; height: 30px; touch-action: manipulation; cursor: pointer; border: 1px solid #0077a8; margin: 0; border-radius: 0 17px 17px 0;\" type=\"submit\"> <img decoding=\"async\" style=\"height: 18px; width: 18px; padding: 0; margin: 0;\" title=\"\u0422RA\u017dI\" src=\"https:\/\/www.izum.si\/images\/out\/search-icon.SVG\" alt=\"\u0442ra\u017ei\" \/><br \/>\n<\/button><\/div>\n<\/form>\n<\/div>\n<\/div>\n<p class=\"icon-container bg\" style=\"text-align: justify;\">U ovom katalogu mo\u017eete pretra\u017eivati literaturu prema razli\u010ditim kriterijima, uklju\u010duju\u0107i i pretragu prema klju\u010dnim rije\u010dima. Ukoliko knjigu koju tra\u017eite ne na\u0111ete tu, naro\u010dito starija izdanja, obratite se osoblju biblioteke, budu\u0107i da je samo mali dio fonda obra\u0111en u COBISS-u. Isto va\u017ei i za serijske publikacije. Sva pitanja i nejasno\u0107e vezane za online katalog biblioteke mo\u017eete uputiti na: <a href=\"mailto:biblioteka@pfsa.unsa.ba\" class=\"autohyperlink\">biblioteka@pfsa.unsa.ba<\/a><\/p>\n<hr \/>\n<h4 style=\"text-align: justify;\"><strong>Nau\u010dne baze<\/strong><\/h4>\n<p><a href=\"https:\/\/heinonline.org\/HOL\/Welcome\">HeinOnline<\/a><\/p>\n<p style=\"text-align: justify;\">HeinOnline je baza koja sadr\u017ei preko 2,700 serijskih publikacija iz oblasti prava. Osim velikoj kolekciji akademskih \u010dasopisa, omogu\u0107ava pristup ustavima i zakonskim tekstovima te sudskoj praksi razli\u010ditih dr\u017eava.<\/p>\n<p style=\"text-align: justify;\"><a href=\"http:\/\/search.ebscohost.com\">EBSCOhost<\/a><\/p>\n<p style=\"text-align: justify;\">U okviru \u00a0EBSCOhosta korisnicima biblioteke omogu\u0107en je pristup ve\u0107em broju baza, me\u0111u kojima posebno izdvajamo:<\/p>\n<ul style=\"text-align: justify;\">\n<li>Academic Search Ultimate<\/li>\n<li>Central and Eastern European Academic Source<\/li>\n<li>eBook Academic Collection<\/li>\n<\/ul>\n<p style=\"text-align: justify;\">Da biste pristupili\u00a0EBSCOhostu morate imati korisni\u010dko ime i \u0161ifru\u00a0koje mo\u017eete dobiti u prostorijama Biblioteke, uklju\u010duju\u0107i i pomo\u0107 pri pretra\u017eivanju.<\/p>\n<p><a href=\"https:\/\/www.jstor.org\/\">JSTOR<\/a><\/p>\n<p>JSTOR je multidisciplinarna baza koja obuhva\u0107a razli\u010dite zbirke arhivskih i teku\u0107ih brojeva nau\u010dnih \u010dasopisa.<\/p>\n<p style=\"text-align: justify;\"><a href=\"https:\/\/www.sciencedirect.com\/\">Science Direct<\/a><\/p>\n<p style=\"text-align: justify;\">Science Direct jedna je od vode\u0107ih multidisciplinarnih baza podataka koja omogu\u0107ava pretragu cjelovitih tekstova i bibliografskih informacija.<\/p>\n<p style=\"text-align: justify;\"><a href=\"http:\/\/apps.webofknowledge.com\/WOS_GeneralSearch_input.do?product=WOS&amp;search_mode=GeneralSearch&amp;SID=R1fGJ25nYSJedEZlDgB&amp;preferencesSaved=\">Web of Science<\/a><\/p>\n<p style=\"text-align: justify;\">Web of Science omogu\u0107ava pristup multidisciplinarnim bazama koje sadr\u017ei bibliografske informacije, sa\u017eetke \u010dlanaka i citirane reference iz svjetskih nau\u010dnih \u010dasopisa, knjiga i zbornika sa konferencija.<\/p>\n<p style=\"text-align: justify;\"><a href=\"https:\/\/www.scopus.com\/\">Scopus<\/a><\/p>\n<p style=\"text-align: justify;\">Scopu<span style=\"font-family: inherit; font-size: 1em;\">s je multidisciplinarna baza koja sadr\u017ei bibliografske informacije, sa\u017eetke \u010dlanaka i citirane reference iz svjetskih \u010dasopisa, knjiga i zbornika sa konferencija.\u00a0Dru\u0161tvene nauke pokrivaju 24% ukupnog sadr\u017eaja baze.<\/span><\/p>\n<p>Oxford University Press \u2013 tri \u010dasopisa<br \/>\n<a href=\"https:\/\/academic.oup.com\/ijrl\/pages\/About\" rel=\"noopener\" target=\"_blank\">International Journal of Refugee Law<\/a><br \/>\n<a href=\"https:\/\/academic.oup.com\/jrs\/pages\/About\" rel=\"noopener\" target=\"_blank\">Journal of Refugee Studies<\/a><br \/>\n<a href=\"https:\/\/academic.oup.com\/rsq\/pages\/About\" rel=\"noopener\" target=\"_blank\">Refugee Survey Quarterly<\/a><\/p>\n<p style=\"text-align: justify;\">Pristup bazama HeinOnline, CEEOL, JSTOR, Science Direct, Scopus, Web of Science i \u010dasopisima OUP-a vr\u0161i se preko registriranih IP adresa, tj. mogu\u0107 je samo s ra\u010dunara na Fakultetu. Studentice i studenti u tu svrhu mogu koristiti i ra\u010dunar u Biblioteci.<\/p>\n<\/div>\n<div class=\"large-6 columns\">\n<p>&nbsp;<\/p>\n<p><strong>Online izvori s otvorenim pristupom<\/strong><\/p>\n<ul>\n<li><a href=\"https:\/\/doaj.org\/\" target=\"_blank\" rel=\"noopener\">DOAJ<\/a> (Directory of Open Access Journals) \u2013 preko ovog direktorija mogu\u0107e je pristupiti zna\u010dajnom broju nau\u010dnih \u010dasopisa otvorenog pristupa iz razli\u010ditih oblasti.<\/li>\n<li><a href=\"https:\/\/www.doabooks.org\/doab?func=search&amp;uiLanguage=en\">DOAB<\/a> (Directory of Open Access Books) \u2013\u00a0preko ovog direktorija mogu\u0107e je pristupiti velikom broju broju akademskih knjiga otvorenog pristupa iz razli\u010ditih oblasti.<\/li>\n<li><a href=\"https:\/\/eur-lex.europa.eu\/homepage.html\" target=\"_blank\" rel=\"noopener\">EUR-Lex <\/a>omogu\u0107ava pristup razli\u010ditim dokumentima Evropske unije uklju\u010duju\u0107i Official Journal of the European Union, sudsku praksu i me\u0111unarodne sporazume.<\/li>\n<li><a href=\"https:\/\/documents.un.org\/\" target=\"_blank\" rel=\"noopener\">ODS<\/a>\u00a0&#8211;\u00a0sistem za pristup slu\u017ebenim dokumentima UN-a.<\/li>\n<li><a href=\"http:\/\/scindeks.ceon.rs\/static\/about.aspx\" target=\"_blank\" rel=\"noopener\">SCIndeks<\/a>\u00a0(srpski nacionalni citatni indeks) \u2013 referira nau\u010dne periodi\u010dne publikacije koje izlaze u Republici Srbiji. Sadr\u017ei bibliografski opis \u010dlanaka, sa\u017eetke radova i sve citirane reference, a \u010dlanci objavljeni u \u010dasopisima otvorenog pristupa dati su u punom tekstu.<\/li>\n<li><a href=\"http:\/\/hrcak.srce.hr\/\" target=\"_blank\" rel=\"noopener\">Hr\u010dak <\/a>(portal nau\u010dnih \u010dasopisa Republike Hrvatske) \u2013 omogu\u0107ava slobodan pristup velikom broju nau\u010dnih i stru\u010dnih \u010dasopisa iz razli\u010ditih oblasti. \u010clancima je mogu\u0107e pristupiti u punom tekstu.<\/li>\n<\/ul>\n<p style=\"text-align: justify;\">Otvoreni pristup na Univerzitetu u Sarajevu:<\/p>\n<ul>\n<li style=\"text-align: justify;\"><a href=\"https:\/\/ebooks.unsa.ba\/index.php\/ebooks\" target=\"_blank\" rel=\"noopener\">Univerzitetska izdanja<\/a><\/li>\n<li style=\"text-align: justify;\"><a href=\"https:\/\/ecasopisi.unsa.ba\" target=\"_blank\" rel=\"noopener\">Registar serijskih e-publikacija<\/a><\/li>\n<\/ul>\n<p style=\"text-align: justify;\">Izbor bosanskohercegova\u010dkih online dostupnih pravnih i srodnih \u010dasopisa:<\/p>\n<ul>\n<li style=\"text-align: justify;\"><a href=\"http:\/\/www.prf.unze.ba\/Rijec_Anali.html\" target=\"_blank\" rel=\"noopener\">Anali Pravnog fakulteta u Zenici<\/a><\/li>\n<li style=\"text-align: justify;\"><a href=\"https:\/\/csd.pravosudje.ba\/vstvfo\/B\/142\/article\/34307\" target=\"_blank\" rel=\"noopener\">Nova pravna revija<\/a><\/li>\n<li style=\"text-align: justify;\"><a href=\"https:\/\/www.fmp.gov.ba\/bs\/pravna_misao.html\" target=\"_blank\" rel=\"noopener\">Pravna misao<\/a><\/li>\n<li style=\"text-align: justify;\"><a href=\"https:\/\/www.pregled.unsa.ba\/index.php\/pregled\/issue\/archive\" target=\"_blank\" rel=\"noopener\">Pregled<\/a><\/li>\n<li style=\"text-align: justify;\"><a href=\"http:\/\/fcjp.ba\/\" target=\"_blank\" rel=\"noopener\">Sveske za javno pravo<\/a><\/li>\n<li><a href=\"https:\/\/www.ceeol.com\/search\/journal-detail?id=1286\">Zbornik radova Pravnog fakulteta u Tuzli<\/a><\/li>\n<\/ul>\n<h4><strong>Sudska praksa<\/strong><\/h4>\n<li style=\"text-align: justify;\"><a href=\"https:\/\/csd.pravosudje.ba\/vstvfo\/B\/142\/kategorije-vijesti\/141\/simple\">Baza sudskih odluka Odjela za sudsku dokumentaciju i edukaciju VSTV-a<\/a><\/li>\n<li style=\"text-align: justify;\"><a href=\"http:\/\/ehr-bih.org\/Welcome\">Baza sudskih odluka u vezi s primjenom EKLJP u BiH<\/a><\/li>\n<li style=\"text-align: justify;\"><a href=\"https:\/\/hudoc.echr.coe.int\/eng#%20\" target=\"_blank\" rel=\"noopener\">HUDOC &#8211; European Court of Human Rights<\/a><\/li>\n<li style=\"text-align: justify;\"><a href=\"https:\/\/www.ustavnisud.ba\/bs\/odluke?sp=DatumDesc&amp;\">Ustavni sud Bosne i Hercegovine<\/a><\/li>\n<li style=\"text-align: justify;\"><a href=\"https:\/\/curia.europa.eu\/jcms\/jcms\/j_6\/hr\/\" target=\"_blank\" rel=\"noopener\">CURIA &#8211; Sud Europske unije<\/a><\/li>\n<\/div>\n<\/div>\n<p><!--more--><\/p>\n<p><!--more--><\/p>\n<div id=\"simple-translate\" class=\"simple-translate-light-theme\">\n<div>\n<div class=\"simple-translate-button isShow\" style=\"background-image: url('moz-extension:\/\/c063e6a9-a76e-4627-a648-3b857aecdfdc\/icons\/512.png'); height: 22px; width: 22px; top: 364px; left: 40px;\"><\/div>\n<div class=\"simple-translate-panel \" style=\"width: 300px; height: 200px; top: 0px; left: 0px; font-size: 13px;\">\n<div class=\"simple-translate-result-wrapper\" style=\"overflow: hidden;\">\n<div class=\"simple-translate-move\" draggable=\"true\"><\/div>\n<div class=\"simple-translate-result-contents\">\n<p class=\"simple-translate-candidate\" dir=\"auto\">\n<\/div>\n<\/div>\n<\/div>\n<\/div>\n<\/div>\n","protected":false},"excerpt":{"rendered":"<p>&nbsp; Katalog biblioteke u COBISS sistemu U ovom katalogu mo\u017eete pretra\u017eivati literaturu prema razli\u010ditim kriterijima, uklju\u010duju\u0107i i pretragu prema klju\u010dnim rije\u010dima. Ukoliko knjigu koju tra\u017eite ne na\u0111ete tu, naro\u010dito starija izdanja, obratite se osoblju biblioteke, budu\u0107i da je samo mali dio fonda obra\u0111en u COBISS-u. Isto va\u017ei i za serijske publikacije. Sva pitanja i nejasno\u0107e [&hellip;]<\/p>\n","protected":false},"author":1,"featured_media":0,"parent":131,"menu_order":4,"comment_status":"open","ping_status":"open","template":"","meta":{"_eb_attr":"","jetpack_post_was_ever_published":false,"footnotes":""},"class_list":["post-197","page","type-page","status-publish","hentry","node node-blog clearfix"],"jetpack_shortlink":"https:\/\/wp.me\/P9i2Az-3b","jetpack_sharing_enabled":true,"post_mailing_queue_ids":[],"_links":{"self":[{"href":"https:\/\/pfsa.unsa.ba\/pf\/wp-json\/wp\/v2\/pages\/197","targetHints":{"allow":["GET"]}}],"collection":[{"href":"https:\/\/pfsa.unsa.ba\/pf\/wp-json\/wp\/v2\/pages"}],"about":[{"href":"https:\/\/pfsa.unsa.ba\/pf\/wp-json\/wp\/v2\/types\/page"}],"author":[{"embeddable":true,"href":"https:\/\/pfsa.unsa.ba\/pf\/wp-json\/wp\/v2\/users\/1"}],"replies":[{"embeddable":true,"href":"https:\/\/pfsa.unsa.ba\/pf\/wp-json\/wp\/v2\/comments?post=197"}],"version-history":[{"count":151,"href":"https:\/\/pfsa.unsa.ba\/pf\/wp-json\/wp\/v2\/pages\/197\/revisions"}],"predecessor-version":[{"id":73509,"href":"https:\/\/pfsa.unsa.ba\/pf\/wp-json\/wp\/v2\/pages\/197\/revisions\/73509"}],"up":[{"embeddable":true,"href":"https:\/\/pfsa.unsa.ba\/pf\/wp-json\/wp\/v2\/pages\/131"}],"wp:attachment":[{"href":"https:\/\/pfsa.unsa.ba\/pf\/wp-json\/wp\/v2\/media?parent=197"}],"curies":[{"name":"wp","href":"https:\/\/api.w.org\/{rel}","templated":true}]}}